{"id":10,"date":"2025-09-22T16:07:25","date_gmt":"2025-09-22T19:07:25","guid":{"rendered":"https:\/\/promowebrasil.com.br\/?page_id=10"},"modified":"2025-10-18T20:54:02","modified_gmt":"2025-10-18T23:54:02","slug":"sapo-armadilha-mosquito","status":"publish","type":"page","link":"https:\/\/promowebrasil.com.br\/lanterna_sapinho\/","title":{"rendered":"Sapo Armadilha Mosquito"},"content":{"rendered":"\t\t<div data-elementor-type=\"wp-page\" data-elementor-id=\"10\" class=\"elementor elementor-10\" data-elementor-post-type=\"page\">\n\t\t\t\t<div class=\"elementor-element elementor-element-0ea2b2d e-flex e-con-boxed e-con e-parent\" data-id=\"0ea2b2d\" data-element_type=\"container\" data-settings=\"{&quot;background_background&quot;:&quot;video&quot;,&quot;background_video_link&quot;:&quot;https:\\\/\\\/promowebrasil.com.br\\\/wp-content\\\/uploads\\\/2025\\\/09\\\/Design-sem-nome-3.mp4&quot;,&quot;background_play_on_mobile&quot;:&quot;yes&quot;}\">\n\t\t\t\t\t<div class=\"e-con-inner\">\n\t\t<div class=\"elementor-background-video-container\" aria-hidden=\"true\">\n\t\t\t\t\t\t\t<video class=\"elementor-background-video-hosted\" autoplay muted playsinline loop><\/video>\n\t\t\t\t\t<\/div>\t\t<div class=\"elementor-element elementor-element-d6b7837 elementor-widget__width-initial elementor-widget elementor-widget-heading\" data-id=\"d6b7837\" data-element_type=\"widget\" data-widget_type=\"heading.default\">\n\t\t\t\t\t<h2 class=\"elementor-heading-title elementor-size-default\">Quantas noites voc\u00ea j\u00e1 perdeu tentando dormir, mas os mosquitos n\u00e3o deixaram?<\/h2>\t\t\t\t<\/div>\n\t\t\t\t<div class=\"elementor-element elementor-element-881dfd1 elementor-widget elementor-widget-text-editor\" data-id=\"881dfd1\" data-element_type=\"widget\" data-widget_type=\"text-editor.default\">\n\t\t\t\t\t\t\t\t\t<p>Voc\u00ea apaga a luz, deita cansada\u2026 mas minutos depois, come\u00e7a o barulho no ouvido e as picadas sem fim!<\/p>\t\t\t\t\t\t\t\t<\/div>\n\t\t\t\t<div class=\"elementor-element elementor-element-ad56afd elementor-align-center elementor-widget elementor-widget-button\" data-id=\"ad56afd\" data-element_type=\"widget\" data-widget_type=\"button.default\">\n\t\t\t\t\t\t\t\t\t\t<a class=\"elementor-button elementor-button-link elementor-size-sm\" href=\"https:\/\/s.shopee.com.br\/6fYmKbWPeV\">\n\t\t\t\t\t\t<span class=\"elementor-button-content-wrapper\">\n\t\t\t\t\t\t\t\t\t<span class=\"elementor-button-text\">CONHE\u00c7A A SOLU\u00c7\u00c3O PARA ESSE PROBLEMA AGORA<\/span>\n\t\t\t\t\t<\/span>\n\t\t\t\t\t<\/a>\n\t\t\t\t\t\t\t\t<\/div>\n\t\t\t\t\t<\/div>\n\t\t\t\t<\/div>\n\t\t<div class=\"elementor-element elementor-element-1df80fe e-con-full e-flex e-con e-parent\" data-id=\"1df80fe\" data-element_type=\"container\">\n\t\t\t\t<div class=\"elementor-element elementor-element-3e82e41 elementor-widget__width-initial elementor-widget elementor-widget-heading\" data-id=\"3e82e41\" data-element_type=\"widget\" data-widget_type=\"heading.default\">\n\t\t\t\t\t<h2 class=\"elementor-heading-title elementor-size-default\">Eu vivi isso por muitas noites at\u00e9 encontrar uma solu\u00e7\u00e3o diferente de tudo que j\u00e1 tinha testado. Sem veneno, sem cheiro forte e com resultados reais. Assista ao v\u00eddeo abaixo e veja por que essa armadilha mudou minhas noites.<\/h2>\t\t\t\t<\/div>\n\t\t\t\t<div class=\"elementor-element elementor-element-37123d1 elementor-widget__width-initial elementor-widget elementor-widget-video\" data-id=\"37123d1\" data-element_type=\"widget\" data-settings=\"{&quot;youtube_url&quot;:&quot;https:\\\/\\\/youtu.be\\\/cHPCwCK0lQc&quot;,&quot;video_type&quot;:&quot;youtube&quot;,&quot;controls&quot;:&quot;yes&quot;}\" data-widget_type=\"video.default\">\n\t\t\t\t\t\t\t<div class=\"elementor-wrapper elementor-open-inline\">\n\t\t\t<div class=\"elementor-video\"><\/div>\t\t<\/div>\n\t\t\t\t\t\t<\/div>\n\t\t\t\t<div class=\"elementor-element elementor-element-250d3e2 elementor-widget__width-initial elementor-widget elementor-widget-text-editor\" data-id=\"250d3e2\" data-element_type=\"widget\" data-widget_type=\"text-editor.default\">\n\t\t\t\t\t\t\t\t\t<p data-start=\"181\" data-end=\"465\"><strong data-start=\"181\" data-end=\"189\">Obs:<\/strong> O v\u00eddeo acima \u00e9 autoral, gravado na minha resid\u00eancia. Normalmente ligo o aparelho no fim da tarde e posiciono em um ponto estrat\u00e9gico da su\u00edte \u2014 exatamente por onde os mosquitos costumam entrar. Depois fecho a porta do quarto e deixo o Sapinho funcionando pr\u00f3ximo \u00e0 janela.<\/p><p data-start=\"467\" data-end=\"676\">Ap\u00f3s 48 horas de uso, me surpreendi com o resultado. O grande diferencial dessa armadilha \u00e9 o <strong data-start=\"570\" data-end=\"588\">cooler interno<\/strong>, que suga os mosquitos para dentro do reservat\u00f3rio, garantindo muito mais efici\u00eancia.<\/p><p data-start=\"678\" data-end=\"852\">Antes, j\u00e1 tinha tentado lumin\u00e1rias LED comuns, armadilhas USB e at\u00e9 mata-mosquitos el\u00e9tricos de mais de R$ 150, mas nenhum resolveu meu problema como o <strong data-start=\"830\" data-end=\"849\">Sapinho <i>Armadilha<\/i><\/strong>.<\/p>\t\t\t\t\t\t\t\t<\/div>\n\t\t\t\t<div class=\"elementor-element elementor-element-a6eec37 elementor-align-center elementor-widget elementor-widget-button\" data-id=\"a6eec37\" data-element_type=\"widget\" data-widget_type=\"button.default\">\n\t\t\t\t\t\t\t\t\t\t<a class=\"elementor-button elementor-button-link elementor-size-sm\" href=\"https:\/\/s.shopee.com.br\/6fYmKbWPeV\">\n\t\t\t\t\t\t<span class=\"elementor-button-content-wrapper\">\n\t\t\t\t\t\t\t\t\t<span class=\"elementor-button-text\">QUERO MINHAS NOITES TRANQUILAS DE VOLTA<\/span>\n\t\t\t\t\t<\/span>\n\t\t\t\t\t<\/a>\n\t\t\t\t\t\t\t\t<\/div>\n\t\t\t\t<\/div>\n\t\t<div class=\"elementor-element elementor-element-7d2b6a0 e-flex e-con-boxed e-con e-parent\" data-id=\"7d2b6a0\" data-element_type=\"container\" data-settings=\"{&quot;background_background&quot;:&quot;classic&quot;}\">\n\t\t\t\t\t<div class=\"e-con-inner\">\n\t\t\t\t<div class=\"elementor-element elementor-element-9f7cb5e elementor-widget-mobile__width-initial elementor-widget elementor-widget-heading\" data-id=\"9f7cb5e\" data-element_type=\"widget\" data-widget_type=\"heading.default\">\n\t\t\t\t\t<h2 class=\"elementor-heading-title elementor-size-default\">Se voc\u00ea tamb\u00e9m j\u00e1 passou por isso, vai se identificar...<\/h2>\t\t\t\t<\/div>\n\t\t<div class=\"elementor-element elementor-element-1df8b4f e-con-full e-flex e-con e-child\" data-id=\"1df8b4f\" data-element_type=\"container\" data-settings=\"{&quot;background_background&quot;:&quot;slideshow&quot;,&quot;background_slideshow_gallery&quot;:[],&quot;background_slideshow_loop&quot;:&quot;yes&quot;,&quot;background_slideshow_slide_duration&quot;:5000,&quot;background_slideshow_slide_transition&quot;:&quot;fade&quot;,&quot;background_slideshow_transition_duration&quot;:500}\">\n\t\t\t\t<div class=\"elementor-element elementor-element-7f093a2 elementor-widget elementor-widget-text-editor\" data-id=\"7f093a2\" data-element_type=\"widget\" data-widget_type=\"text-editor.default\">\n\t\t\t\t\t\t\t\t\t<p data-start=\"392\" data-end=\"559\">Aquela noite eu n\u00e3o esque\u00e7o. Deitei cansado, s\u00f3 querendo descansar, mas os mosquitos n\u00e3o deixavam. O zumbido no ouvido e as picadas me fizeram levantar de madrugada.<\/p><p data-start=\"567\" data-end=\"862\">Quando acendi a luz, o quarto estava tomado \u2014 contei mais de 20 pernilongos circulando ao redor da cama. Passei quase uma hora tentando matar todos, e quando finalmente consegui deitar de novo, j\u00e1 estava perto de amanhecer. Resultado: uma noite p\u00e9ssima e um dia inteiro de cansa\u00e7o e irrita\u00e7\u00e3o.<\/p><p data-start=\"870\" data-end=\"1059\">Depois disso, tentei de tudo: sprays que deixam cheiro forte e fazem mal \u00e0 sa\u00fade, raquetes que s\u00f3 funcionam por alguns minutos, at\u00e9 armadilhas de LED comuns, mas nada resolveu de verdade.<\/p><p data-start=\"1067\" data-end=\"1246\">Foi s\u00f3 quando conheci a <strong data-start=\"1091\" data-end=\"1129\">Lanterna Armadilha <em>Sapinho <\/em><em>\u00a0<\/em><\/strong>que minha rotina mudou. Pela primeira vez, tive uma noite em paz: sem barulho, sem picadas e sem cheiro de veneno.<\/p><p data-start=\"1254\" data-end=\"1560\">O mais incr\u00edvel \u00e9 que n\u00e3o fui s\u00f3 eu quem ganhou qualidade de vida. Meu filho n\u00e3o acordou mais com marcas de picadas no corpo, e at\u00e9 meu cachorro parou de se irritar com o barulho dos mosquitos. Essa pequena lanterna trouxe de volta a tranquilidade da minha casa \u2014 e principalmente, minhas noites de sono.<\/p>\t\t\t\t\t\t\t\t<\/div>\n\t\t\t\t<div class=\"elementor-element elementor-element-4795219 elementor-widget__width-initial elementor-widget elementor-widget-image\" data-id=\"4795219\" data-element_type=\"widget\" data-widget_type=\"image.default\">\n\t\t\t\t\t\t\t\t\t\t\t\t\t\t\t<img fetchpriority=\"high\" decoding=\"async\" width=\"1080\" height=\"1350\" src=\"https:\/\/promowebrasil.com.br\/wp-content\/uploads\/2025\/10\/Design-sem-nome.png\" class=\"attachment-full size-full wp-image-262\" alt=\"\" srcset=\"https:\/\/promowebrasil.com.br\/wp-content\/uploads\/2025\/10\/Design-sem-nome.png 1080w, https:\/\/promowebrasil.com.br\/wp-content\/uploads\/2025\/10\/Design-sem-nome-240x300.png 240w, https:\/\/promowebrasil.com.br\/wp-content\/uploads\/2025\/10\/Design-sem-nome-819x1024.png 819w, https:\/\/promowebrasil.com.br\/wp-content\/uploads\/2025\/10\/Design-sem-nome-768x960.png 768w\" sizes=\"(max-width: 1080px) 100vw, 1080px\" \/>\t\t\t\t\t\t\t\t\t\t\t\t\t\t\t<\/div>\n\t\t\t\t<\/div>\n\t\t\t\t\t<\/div>\n\t\t\t\t<\/div>\n\t\t<div class=\"elementor-element elementor-element-0a84958 e-flex e-con-boxed e-con e-parent\" data-id=\"0a84958\" data-element_type=\"container\">\n\t\t\t\t\t<div class=\"e-con-inner\">\n\t\t\t\t<div class=\"elementor-element elementor-element-570f88a elementor-widget elementor-widget-heading\" data-id=\"570f88a\" data-element_type=\"widget\" data-widget_type=\"heading.default\">\n\t\t\t\t\t<h2 class=\"elementor-heading-title elementor-size-default\">Veja Alguns Depoimentos de Pessoas que Compraram e Aprovaram...<\/h2>\t\t\t\t<\/div>\n\t\t\t\t\t<\/div>\n\t\t\t\t<\/div>\n\t\t<div class=\"elementor-element elementor-element-008463d e-flex e-con-boxed e-con e-parent\" data-id=\"008463d\" data-element_type=\"container\">\n\t\t\t\t\t<div class=\"e-con-inner\">\n\t\t\t\t<div class=\"elementor-element elementor-element-a06a6a7 elementor-widget__width-initial elementor-widget elementor-widget-image\" data-id=\"a06a6a7\" data-element_type=\"widget\" data-widget_type=\"image.default\">\n\t\t\t\t\t\t\t\t\t\t\t\t\t\t\t<img decoding=\"async\" src=\"https:\/\/promowebrasil.com.br\/wp-content\/uploads\/2025\/09\/9-c.webp\" title=\"9 c\" alt=\"9 c\" loading=\"lazy\" \/>\t\t\t\t\t\t\t\t\t\t\t\t\t\t\t<\/div>\n\t\t\t\t<div class=\"elementor-element elementor-element-f649865 elementor-widget__width-initial elementor-widget elementor-widget-image\" data-id=\"f649865\" data-element_type=\"widget\" data-widget_type=\"image.default\">\n\t\t\t\t\t\t\t\t\t\t\t\t\t\t\t<img decoding=\"async\" width=\"800\" height=\"515\" src=\"https:\/\/promowebrasil.com.br\/wp-content\/uploads\/2025\/09\/10-c-1024x659.webp\" class=\"attachment-large size-large wp-image-67\" alt=\"\" srcset=\"https:\/\/promowebrasil.com.br\/wp-content\/uploads\/2025\/09\/10-c-1024x659.webp 1024w, https:\/\/promowebrasil.com.br\/wp-content\/uploads\/2025\/09\/10-c-300x193.webp 300w, https:\/\/promowebrasil.com.br\/wp-content\/uploads\/2025\/09\/10-c-768x494.webp 768w, https:\/\/promowebrasil.com.br\/wp-content\/uploads\/2025\/09\/10-c.webp 1080w\" sizes=\"(max-width: 800px) 100vw, 800px\" \/>\t\t\t\t\t\t\t\t\t\t\t\t\t\t\t<\/div>\n\t\t\t\t\t<\/div>\n\t\t\t\t<\/div>\n\t\t<div class=\"elementor-element elementor-element-d1009e0 e-flex e-con-boxed e-con e-parent\" data-id=\"d1009e0\" data-element_type=\"container\" data-settings=\"{&quot;background_background&quot;:&quot;slideshow&quot;,&quot;background_slideshow_gallery&quot;:[{&quot;id&quot;:61,&quot;url&quot;:&quot;http:\\\/\\\/promowebrasil.com.br\\\/wp-content\\\/uploads\\\/2025\\\/09\\\/fubndo.webp&quot;}],&quot;background_slideshow_loop&quot;:&quot;yes&quot;,&quot;background_slideshow_slide_duration&quot;:5000,&quot;background_slideshow_slide_transition&quot;:&quot;fade&quot;,&quot;background_slideshow_transition_duration&quot;:500}\">\n\t\t\t\t\t<div class=\"e-con-inner\">\n\t\t\t\t<div class=\"elementor-element elementor-element-a9f1dbf elementor-widget__width-initial elementor-widget elementor-widget-heading\" data-id=\"a9f1dbf\" data-element_type=\"widget\" data-widget_type=\"heading.default\">\n\t\t\t\t\t<h2 class=\"elementor-heading-title elementor-size-default\">\ud83d\udea8 Aviso Importante<\/h2>\t\t\t\t<\/div>\n\t\t\t\t<div class=\"elementor-element elementor-element-eda7f19 elementor-widget elementor-widget-text-editor\" data-id=\"eda7f19\" data-element_type=\"widget\" data-widget_type=\"text-editor.default\">\n\t\t\t\t\t\t\t\t\t<p>Fazemos parte do Programa de Afiliados da Shopee e s\u00f3 recomendamos produtos que testamos pessoalmente e que comprovaram efici\u00eancia real. Nosso compromisso \u00e9 compartilhar apenas solu\u00e7\u00f5es que entregam resultado de verdade \u2014 nada de promessas vazias.<\/p><p>Depois de tantas noites mal dormidas e armadilhas que n\u00e3o funcionaram, essa foi a \u00fanica que resolveu o problema. Simples, segura, sem veneno e com um resultado que surpreende a cada uso.<\/p><p>\u26a0\ufe0f Os valores na Shopee variam conforme as promo\u00e7\u00f5es e o estoque. Por isso, clique no link abaixo para ver o pre\u00e7o atualizado e garantir sua oferta antes que acabe.<\/p><p>\ud83d\udca1 Dica de uso: para melhores resultados, posicione a armadilha em um ambiente escuro, pr\u00f3ximo de onde os mosquitos costumam circular (janela, banheiro ou sala). Se poss\u00edvel, coloque em um ponto mais alto \u2014 isso potencializa a captura.<\/p><p data-start=\"914\" data-end=\"982\">\u00a0<\/p>\t\t\t\t\t\t\t\t<\/div>\n\t\t\t\t<div class=\"elementor-element elementor-element-fba85fa elementor-align-center elementor-widget elementor-widget-button\" data-id=\"fba85fa\" data-element_type=\"widget\" data-widget_type=\"button.default\">\n\t\t\t\t\t\t\t\t\t\t<a class=\"elementor-button elementor-button-link elementor-size-sm\" href=\"https:\/\/s.shopee.com.br\/6fYmKbWPeV\">\n\t\t\t\t\t\t<span class=\"elementor-button-content-wrapper\">\n\t\t\t\t\t\t\t\t\t<span class=\"elementor-button-text\">VER PRODUTO NA SHOPEE AGORA<\/span>\n\t\t\t\t\t<\/span>\n\t\t\t\t\t<\/a>\n\t\t\t\t\t\t\t\t<\/div>\n\t\t\t\t\t<\/div>\n\t\t\t\t<\/div>\n\t\t\t\t<\/div>\n\t\t","protected":false},"excerpt":{"rendered":"<p>Quantas noites voc\u00ea j\u00e1 perdeu tentando dormir, mas os mosquitos n\u00e3o deixaram? Voc\u00ea apaga a luz, deita cansada\u2026 mas minutos depois, come\u00e7a o barulho no ouvido e as picadas sem fim! CONHE\u00c7A A SOLU\u00c7\u00c3O PARA ESSE PROBLEMA AGORA Eu vivi isso por muitas noites at\u00e9 encontrar uma solu\u00e7\u00e3o diferente de tudo que j\u00e1 tinha testado. [&hellip;]<\/p>\n","protected":false},"author":1,"featured_media":0,"parent":0,"menu_order":0,"comment_status":"closed","ping_status":"closed","template":"elementor_canvas","meta":{"footnotes":""},"class_list":["post-10","page","type-page","status-publish","hentry"],"_hostinger_reach_plugin_has_subscription_block":false,"_hostinger_reach_plugin_is_elementor":false,"_links":{"self":[{"href":"https:\/\/promowebrasil.com.br\/lanterna_sapinho\/wp-json\/wp\/v2\/pages\/10","targetHints":{"allow":["GET"]}}],"collection":[{"href":"https:\/\/promowebrasil.com.br\/lanterna_sapinho\/wp-json\/wp\/v2\/pages"}],"about":[{"href":"https:\/\/promowebrasil.com.br\/lanterna_sapinho\/wp-json\/wp\/v2\/types\/page"}],"author":[{"embeddable":true,"href":"https:\/\/promowebrasil.com.br\/lanterna_sapinho\/wp-json\/wp\/v2\/users\/1"}],"replies":[{"embeddable":true,"href":"https:\/\/promowebrasil.com.br\/lanterna_sapinho\/wp-json\/wp\/v2\/comments?post=10"}],"version-history":[{"count":215,"href":"https:\/\/promowebrasil.com.br\/lanterna_sapinho\/wp-json\/wp\/v2\/pages\/10\/revisions"}],"predecessor-version":[{"id":265,"href":"https:\/\/promowebrasil.com.br\/lanterna_sapinho\/wp-json\/wp\/v2\/pages\/10\/revisions\/265"}],"wp:attachment":[{"href":"https:\/\/promowebrasil.com.br\/lanterna_sapinho\/wp-json\/wp\/v2\/media?parent=10"}],"curies":[{"name":"wp","href":"https:\/\/api.w.org\/{rel}","templated":true}]}}